{"id":25902,"date":"2022-12-13T12:06:04","date_gmt":"2022-12-13T11:06:04","guid":{"rendered":"https:\/\/www.uvex-safety.com\/blog\/x-products-2\/"},"modified":"2025-10-16T14:34:16","modified_gmt":"2025-10-16T12:34:16","slug":"x-products-2","status":"publish","type":"page","link":"https:\/\/www.uvex-safety.com\/blog\/pl\/x-products\/","title":{"rendered":"x-products"},"content":{"rendered":"<div class=\"wpb-content-wrapper\"><p>[vc_row row_height_percent=&#8221;0&#8243; override_padding=&#8221;yes&#8221; h_padding=&#8221;2&#8243; top_padding=&#8221;5&#8243; bottom_padding=&#8221;2&#8243; overlay_alpha=&#8221;50&#8243; gutter_size=&#8221;3&#8243; column_width_percent=&#8221;100&#8243; shift_y=&#8221;0&#8243; z_index=&#8221;0&#8243;][vc_column column_width_percent=&#8221;80&#8243; gutter_size=&#8221;3&#8243; overlay_alpha=&#8221;50&#8243; shift_x=&#8221;0&#8243; shift_y=&#8221;0&#8243; shift_y_down=&#8221;0&#8243; z_index=&#8221;0&#8243; medium_width=&#8221;0&#8243; mobile_width=&#8221;0&#8243; width=&#8221;1\/1&#8243;][vc_row_inner][vc_column_inner column_width_percent=&#8221;100&#8243; align_horizontal=&#8221;align_center&#8221; gutter_size=&#8221;3&#8243; overlay_alpha=&#8221;50&#8243; shift_x=&#8221;0&#8243; shift_y=&#8221;0&#8243; shift_y_down=&#8221;0&#8243; z_index=&#8221;0&#8243; medium_width=&#8221;0&#8243; mobile_width=&#8221;0&#8243; width=&#8221;1\/1&#8243;][vc_custom_heading text_color=&#8221;color-jevc&#8221; sub_lead=&#8221;yes&#8221;]x-products:[\/vc_custom_heading][\/vc_column_inner][\/vc_row_inner][vc_column_text]Profesjonalna ochrona od st\u00f3p do g\u0142\u00f3w: Dzi\u0119ki <strong>produktom zapewniaj\u0105cym ochron\u0119 w miejscu pracy<\/strong> firmy <strong>uvex<\/strong> codzienna praca staje si\u0119 znacznie bezpieczniejsza! W naszej rubryce <strong>x-products<\/strong> mo\u017cesz regularnie poznawa\u0107 nowo\u015bci w zakresie <strong>produkt\u00f3w zapewniaj\u0105cych ochron\u0119 w miejscu pracy<\/strong>: Kompleksowe informacje o produktach, ciekawe informacje dotycz\u0105ce obszar\u00f3w zastosowania i wiele innych tre\u015bci!<\/p>\n<p>Od <strong>ochrony s\u0142uchu i dr\u00f3g oddechowych<\/strong> przez <strong>r\u0119kawice ochronne<\/strong> po <strong>obuwie ochronne<\/strong> \u2013 uvex zapewnia wszelkie profesjonalne i bezpieczne <strong>\u015brodki ochrony<\/strong>.<\/p>\n<p><strong>Ochrona w miejscu pracy<\/strong> to nasza pasja: dlatego na tym blogu pragniemy nie tylko przedstawi\u0107 nasze produkty, ale tak\u017ce wyja\u015bni\u0107, dlaczego s\u0105 tak wa\u017cne w miejscu pracy. Bo przecie\u017c <strong>ochrona w miejscu pracy<\/strong> to nie tylko odzie\u017c \u2013 <strong>ochrona w miejscu pracy<\/strong> to tak\u017ce wiedza!<\/p>\n<p><strong>Blog uvex x-pert<\/strong> \u2013 przeznaczony dla ekspert\u00f3w <strong>ds. bezpiecze\u0144stwa pracy<\/strong> blog ekspert\u00f3w! Masz pytania dotycz\u0105ce naszych produkt\u00f3w, obszar\u00f3w zastosowania lub og\u00f3lnie kwestii zwi\u0105zanych z <strong>ochron\u0105 w miejscu pracy<\/strong>? <a href=\"https:\/\/www.uvex-safety.com\/de\/uvex-safety-group\/wie-sie-uns-erreichen\/kontaktformular\/\" target=\"_blank\" rel=\"noopener noreferrer\">Skontaktuj si\u0119 z nami tutaj<\/a> lub skorzystaj z sekcji komentarzy pod naszymi wpisami na blogu. Ch\u0119tnie pomo\u017cemy![\/vc_column_text][\/vc_column][\/vc_row][vc_row unlock_row_content=&#8221;yes&#8221; row_height_percent=&#8221;0&#8243; override_padding=&#8221;yes&#8221; h_padding=&#8221;3&#8243; top_padding=&#8221;3&#8243; bottom_padding=&#8221;3&#8243; overlay_alpha=&#8221;50&#8243; gutter_size=&#8221;2&#8243; column_width_percent=&#8221;100&#8243; shift_y=&#8221;0&#8243; z_index=&#8221;0&#8243;][vc_column column_width_percent=&#8221;100&#8243; align_horizontal=&#8221;align_center&#8221; gutter_size=&#8221;4&#8243; overlay_alpha=&#8221;50&#8243; shift_x=&#8221;0&#8243; shift_y=&#8221;0&#8243; shift_y_down=&#8221;0&#8243; z_index=&#8221;0&#8243; medium_width=&#8221;0&#8243; mobile_width=&#8221;0&#8243; width=&#8221;1\/1&#8243;][uncode_index el_id=&#8221;index-609212479&#8243; isotope_mode=&#8221;fitRows&#8221; loop=&#8221;size:12|order_by:date|post_type:post|categories:11128|taxonomy_count:10&#8243; screen_lg=&#8221;1200&#8243; screen_md=&#8221;960&#8243; screen_sm=&#8221;480&#8243; filtering=&#8221;yes&#8221; filtering_uppercase=&#8221;yes&#8221; filtering_full_width=&#8221;yes&#8221; filtering_position=&#8221;center&#8221; filter_mobile=&#8221;yes&#8221; gutter_size=&#8221;3&#8243; post_items=&#8221;media|featured|onpost|poster,date,category|nobg|relative|hide-icon,title,text|excerpt|140&#8243; pagination=&#8221;yes&#8221; images_size=&#8221;three-two&#8221; single_overlay_color=&#8221;color-jevc&#8221; single_overlay_opacity=&#8221;50&#8243; single_text_visible=&#8221;yes&#8221; single_text_anim=&#8221;no&#8221; single_padding=&#8221;2&#8243; single_title_dimension=&#8221;h5&#8243; single_border=&#8221;yes&#8221; single_css_animation=&#8221;bottom-t-top&#8221; single_animation_delay=&#8221;200&#8243; uncode_shortcode_id=&#8221;117837&#8243;][\/vc_column][\/vc_row]<\/p>\n<\/div>","protected":false},"excerpt":{"rendered":"<p>[vc_row row_height_percent=&#8221;0&#8243; override_padding=&#8221;yes&#8221; h_padding=&#8221;2&#8243; top_padding=&#8221;5&#8243; bottom_padding=&#8221;2&#8243; overlay_alpha=&#8221;50&#8243; gutter_size=&#8221;3&#8243; column_width_percent=&#8221;100&#8243; shift_y=&#8221;0&#8243; z_index=&#8221;0&#8243;][vc_column column_width_percent=&#8221;80&#8243; gutter_size=&#8221;3&#8243; overlay_alpha=&#8221;50&#8243; shift_x=&#8221;0&#8243; shift_y=&#8221;0&#8243; shift_y_down=&#8221;0&#8243; z_index=&#8221;0&#8243; medium_width=&#8221;0&#8243; mobile_width=&#8221;0&#8243; [&hellip;]<\/p>\n","protected":false},"author":1,"featured_media":0,"parent":0,"menu_order":0,"comment_status":"closed","ping_status":"closed","template":"","meta":{"footnotes":""},"class_list":["post-25902","page","type-page","status-publish","hentry"],"yoast_head":"<!-- This site is optimized with the Yoast SEO Premium plugin v27.1 (Yoast SEO v27.1.1) - https:\/\/yoast.com\/product\/yoast-seo-premium-wordpress\/ -->\n<title>x-products | Przeznaczonym dla ekspert\u00f3w blogu ekspert\u00f3w dotycz\u0105cym ochrony w miejscu pracy.<\/title>\n<meta name=\"description\" content=\"Ochrona w miejscu pracy to nasza pasja! Dowiedz si\u0119 ciekawych fakt\u00f3w na temat naszych produkt\u00f3w PPE na bie\u017c\u0105co na naszym blogu o bezpiecze\u0144stwie pracy.\" \/>\n<meta name=\"robots\" content=\"index, follow, max-snippet:-1, max-image-preview:large, max-video-preview:-1\" \/>\n<link rel=\"canonical\" href=\"https:\/\/www.uvex-safety.com\/blog\/pl\/x-products\/\" \/>\n<meta property=\"og:locale\" content=\"pl_PL\" \/>\n<meta property=\"og:type\" content=\"article\" \/>\n<meta property=\"og:title\" content=\"x-products\" \/>\n<meta property=\"og:description\" content=\"Ochrona w miejscu pracy to nasza pasja! Dowiedz si\u0119 ciekawych fakt\u00f3w na temat naszych produkt\u00f3w PPE na bie\u017c\u0105co na naszym blogu o bezpiecze\u0144stwie pracy.\" \/>\n<meta property=\"og:url\" content=\"https:\/\/www.uvex-safety.com\/blog\/pl\/x-products\/\" \/>\n<meta property=\"og:site_name\" content=\"uvex xpertblog\" \/>\n<meta property=\"article:modified_time\" content=\"2025-10-16T12:34:16+00:00\" \/>\n<meta name=\"twitter:label1\" content=\"Est. reading time\" \/>\n\t<meta name=\"twitter:data1\" content=\"2 minutes\" \/>\n<script type=\"application\/ld+json\" class=\"yoast-schema-graph\">{\"@context\":\"https:\/\/schema.org\",\"@graph\":[{\"@type\":\"WebPage\",\"@id\":\"https:\/\/www.uvex-safety.com\/blog\/pl\/x-products\/\",\"url\":\"https:\/\/www.uvex-safety.com\/blog\/pl\/x-products\/\",\"name\":\"x-products | Przeznaczonym dla ekspert\u00f3w blogu ekspert\u00f3w dotycz\u0105cym ochrony w miejscu pracy.\",\"isPartOf\":{\"@id\":\"https:\/\/www.uvex-safety.com\/blog\/pl\/#website\"},\"datePublished\":\"2022-12-13T11:06:04+00:00\",\"dateModified\":\"2025-10-16T12:34:16+00:00\",\"description\":\"Ochrona w miejscu pracy to nasza pasja! Dowiedz si\u0119 ciekawych fakt\u00f3w na temat naszych produkt\u00f3w PPE na bie\u017c\u0105co na naszym blogu o bezpiecze\u0144stwie pracy.\",\"inLanguage\":\"pl-PL\",\"potentialAction\":[{\"@type\":\"ReadAction\",\"target\":[\"https:\/\/www.uvex-safety.com\/blog\/pl\/x-products\/\"]}]},{\"@type\":\"WebSite\",\"@id\":\"https:\/\/www.uvex-safety.com\/blog\/pl\/#website\",\"url\":\"https:\/\/www.uvex-safety.com\/blog\/pl\/\",\"name\":\"uvex xpertblog\",\"description\":\"\",\"publisher\":{\"@id\":\"https:\/\/www.uvex-safety.com\/blog\/pl\/#organization\"},\"potentialAction\":[{\"@type\":\"SearchAction\",\"target\":{\"@type\":\"EntryPoint\",\"urlTemplate\":\"https:\/\/www.uvex-safety.com\/blog\/pl\/?s={search_term_string}\"},\"query-input\":{\"@type\":\"PropertyValueSpecification\",\"valueRequired\":true,\"valueName\":\"search_term_string\"}}],\"inLanguage\":\"pl-PL\"},{\"@type\":\"Organization\",\"@id\":\"https:\/\/www.uvex-safety.com\/blog\/pl\/#organization\",\"name\":\"uvex safety\",\"url\":\"https:\/\/www.uvex-safety.com\/blog\/pl\/\",\"logo\":{\"@type\":\"ImageObject\",\"inLanguage\":\"pl-PL\",\"@id\":\"https:\/\/www.uvex-safety.com\/blog\/pl\/#\/schema\/logo\/image\/\",\"url\":\"https:\/\/www.uvex-safety.com\/blog\/wp-content\/uploads\/2019\/07\/uvex-logo_2013_black_RGB.svg\",\"contentUrl\":\"https:\/\/www.uvex-safety.com\/blog\/wp-content\/uploads\/2019\/07\/uvex-logo_2013_black_RGB.svg\",\"width\":94493332,\"height\":37794666,\"caption\":\"uvex safety\"},\"image\":{\"@id\":\"https:\/\/www.uvex-safety.com\/blog\/pl\/#\/schema\/logo\/image\/\"}}]}<\/script>\n<!-- \/ Yoast SEO Premium plugin. -->","yoast_head_json":{"title":"x-products | Przeznaczonym dla ekspert\u00f3w blogu ekspert\u00f3w dotycz\u0105cym ochrony w miejscu pracy.","description":"Ochrona w miejscu pracy to nasza pasja! Dowiedz si\u0119 ciekawych fakt\u00f3w na temat naszych produkt\u00f3w PPE na bie\u017c\u0105co na naszym blogu o bezpiecze\u0144stwie pracy.","robots":{"index":"index","follow":"follow","max-snippet":"max-snippet:-1","max-image-preview":"max-image-preview:large","max-video-preview":"max-video-preview:-1"},"canonical":"https:\/\/www.uvex-safety.com\/blog\/pl\/x-products\/","og_locale":"pl_PL","og_type":"article","og_title":"x-products","og_description":"Ochrona w miejscu pracy to nasza pasja! Dowiedz si\u0119 ciekawych fakt\u00f3w na temat naszych produkt\u00f3w PPE na bie\u017c\u0105co na naszym blogu o bezpiecze\u0144stwie pracy.","og_url":"https:\/\/www.uvex-safety.com\/blog\/pl\/x-products\/","og_site_name":"uvex xpertblog","article_modified_time":"2025-10-16T12:34:16+00:00","twitter_misc":{"Est. reading time":"2 minutes"},"schema":{"@context":"https:\/\/schema.org","@graph":[{"@type":"WebPage","@id":"https:\/\/www.uvex-safety.com\/blog\/pl\/x-products\/","url":"https:\/\/www.uvex-safety.com\/blog\/pl\/x-products\/","name":"x-products | Przeznaczonym dla ekspert\u00f3w blogu ekspert\u00f3w dotycz\u0105cym ochrony w miejscu pracy.","isPartOf":{"@id":"https:\/\/www.uvex-safety.com\/blog\/pl\/#website"},"datePublished":"2022-12-13T11:06:04+00:00","dateModified":"2025-10-16T12:34:16+00:00","description":"Ochrona w miejscu pracy to nasza pasja! Dowiedz si\u0119 ciekawych fakt\u00f3w na temat naszych produkt\u00f3w PPE na bie\u017c\u0105co na naszym blogu o bezpiecze\u0144stwie pracy.","inLanguage":"pl-PL","potentialAction":[{"@type":"ReadAction","target":["https:\/\/www.uvex-safety.com\/blog\/pl\/x-products\/"]}]},{"@type":"WebSite","@id":"https:\/\/www.uvex-safety.com\/blog\/pl\/#website","url":"https:\/\/www.uvex-safety.com\/blog\/pl\/","name":"uvex xpertblog","description":"","publisher":{"@id":"https:\/\/www.uvex-safety.com\/blog\/pl\/#organization"},"potentialAction":[{"@type":"SearchAction","target":{"@type":"EntryPoint","urlTemplate":"https:\/\/www.uvex-safety.com\/blog\/pl\/?s={search_term_string}"},"query-input":{"@type":"PropertyValueSpecification","valueRequired":true,"valueName":"search_term_string"}}],"inLanguage":"pl-PL"},{"@type":"Organization","@id":"https:\/\/www.uvex-safety.com\/blog\/pl\/#organization","name":"uvex safety","url":"https:\/\/www.uvex-safety.com\/blog\/pl\/","logo":{"@type":"ImageObject","inLanguage":"pl-PL","@id":"https:\/\/www.uvex-safety.com\/blog\/pl\/#\/schema\/logo\/image\/","url":"https:\/\/www.uvex-safety.com\/blog\/wp-content\/uploads\/2019\/07\/uvex-logo_2013_black_RGB.svg","contentUrl":"https:\/\/www.uvex-safety.com\/blog\/wp-content\/uploads\/2019\/07\/uvex-logo_2013_black_RGB.svg","width":94493332,"height":37794666,"caption":"uvex safety"},"image":{"@id":"https:\/\/www.uvex-safety.com\/blog\/pl\/#\/schema\/logo\/image\/"}}]}},"_links":{"self":[{"href":"https:\/\/www.uvex-safety.com\/blog\/pl\/wp-json\/wp\/v2\/pages\/25902","targetHints":{"allow":["GET"]}}],"collection":[{"href":"https:\/\/www.uvex-safety.com\/blog\/pl\/wp-json\/wp\/v2\/pages"}],"about":[{"href":"https:\/\/www.uvex-safety.com\/blog\/pl\/wp-json\/wp\/v2\/types\/page"}],"author":[{"embeddable":true,"href":"https:\/\/www.uvex-safety.com\/blog\/pl\/wp-json\/wp\/v2\/users\/1"}],"replies":[{"embeddable":true,"href":"https:\/\/www.uvex-safety.com\/blog\/pl\/wp-json\/wp\/v2\/comments?post=25902"}],"version-history":[{"count":3,"href":"https:\/\/www.uvex-safety.com\/blog\/pl\/wp-json\/wp\/v2\/pages\/25902\/revisions"}],"predecessor-version":[{"id":41260,"href":"https:\/\/www.uvex-safety.com\/blog\/pl\/wp-json\/wp\/v2\/pages\/25902\/revisions\/41260"}],"wp:attachment":[{"href":"https:\/\/www.uvex-safety.com\/blog\/pl\/wp-json\/wp\/v2\/media?parent=25902"}],"curies":[{"name":"wp","href":"https:\/\/api.w.org\/{rel}","templated":true}]}}